{"id":7682,"date":"2025-05-08T08:58:26","date_gmt":"2025-05-08T08:58:26","guid":{"rendered":"https:\/\/www.nolarmadry.it\/privacy-policy\/"},"modified":"2025-05-08T08:58:26","modified_gmt":"2025-05-08T08:58:26","slug":"privacy-policy","status":"publish","type":"page","link":"https:\/\/www.nolarmadry.it\/it\/privacy-policy\/","title":{"rendered":"Privacy Policy"},"content":{"rendered":"\t\t<div data-elementor-type=\"wp-page\" data-elementor-id=\"7682\" class=\"elementor elementor-7682 elementor-7581\" data-elementor-post-type=\"page\">\n\t\t\t\t\t\t<section class=\"elementor-section elementor-top-section elementor-element elementor-element-5c3ed3b elementor-reverse-mobile elementor-section-boxed elementor-section-height-default elementor-section-height-default elementor-invisible\" data-id=\"5c3ed3b\" data-element_type=\"section\" data-e-type=\"section\" data-settings=\"{&quot;animation&quot;:&quot;fadeInUp&quot;}\">\n\t\t\t\t\t\t<div class=\"elementor-container elementor-column-gap-wider\">\n\t\t\t\t\t<div class=\"elementor-column elementor-col-100 elementor-top-column elementor-element elementor-element-208d36a\" data-id=\"208d36a\" data-element_type=\"column\" data-e-type=\"column\">\n\t\t\t<div class=\"elementor-widget-wrap elementor-element-populated\">\n\t\t\t\t\t\t<div class=\"elementor-element elementor-element-0933cee elementor-widget elementor-widget-heading\" data-id=\"0933cee\" data-element_type=\"widget\" data-e-type=\"widget\" data-widget_type=\"heading.default\">\n\t\t\t\t<div class=\"elementor-widget-container\">\n\t\t\t\t\t<h2 class=\"elementor-heading-title elementor-size-default\">Privacy Policy<\/h2>\t\t\t\t<\/div>\n\t\t\t\t<\/div>\n\t\t\t\t<div class=\"elementor-element elementor-element-d6c54df elementor-widget elementor-widget-spacer\" data-id=\"d6c54df\" data-element_type=\"widget\" data-e-type=\"widget\" data-widget_type=\"spacer.default\">\n\t\t\t\t<div class=\"elementor-widget-container\">\n\t\t\t\t\t\t\t<div class=\"elementor-spacer\">\n\t\t\t<div class=\"elementor-spacer-inner\"><\/div>\n\t\t<\/div>\n\t\t\t\t\t\t<\/div>\n\t\t\t\t<\/div>\n\t\t\t\t<div class=\"elementor-element elementor-element-6cb3c76 elementor-widget elementor-widget-heading\" data-id=\"6cb3c76\" data-element_type=\"widget\" data-e-type=\"widget\" data-widget_type=\"heading.default\">\n\t\t\t\t<div class=\"elementor-widget-container\">\n\t\t\t\t\t<h4 class=\"elementor-heading-title elementor-size-default\">Information on the processing of personal data\n\n<\/h4>\t\t\t\t<\/div>\n\t\t\t\t<\/div>\n\t\t\t\t<div class=\"elementor-element elementor-element-7b84cb8 elementor-widget elementor-widget-spacer\" data-id=\"7b84cb8\" data-element_type=\"widget\" data-e-type=\"widget\" data-widget_type=\"spacer.default\">\n\t\t\t\t<div class=\"elementor-widget-container\">\n\t\t\t\t\t\t\t<div class=\"elementor-spacer\">\n\t\t\t<div class=\"elementor-spacer-inner\"><\/div>\n\t\t<\/div>\n\t\t\t\t\t\t<\/div>\n\t\t\t\t<\/div>\n\t\t\t\t<div class=\"elementor-element elementor-element-dda0b19 elementor-widget elementor-widget-text-editor\" data-id=\"dda0b19\" data-element_type=\"widget\" data-e-type=\"widget\" data-widget_type=\"text-editor.default\">\n\t\t\t\t<div class=\"elementor-widget-container\">\n\t\t\t\t\t\t\t\t\tA seguito della consultazione del presente sito possono essere trattati dati relativi a persone identificate o comunque identificabili. Questa pagina descrive le modalit\u00e0 di gestione del sito in riferimento al trattamento dei dati personali degli utenti che \u2013 a qualsiasi titolo \u2013 lo consultino, nel rispetto delle normative vigenti.\n\nA tale proposito,\u00a0NOLARMA DRY CARGO SRL, in qualit\u00e0 di titolare del trattamento (e denominata nel prosieguo anche pi\u00f9 semplicemente\u00a0\u201ctitolare\u201d) informa gli utenti che, ai sensi di quanto disposto dall\u2019art. 13 del d.lgs. 196\/2003 (in seguito,\u00a0\u201ccodice privacy\u201d) e dall\u2019art. 13 del Regolamento UE n. 2016\/679 (in seguito,\u00a0\u201cGDPR\u201d), i dati saranno trattati con le modalit\u00e0 e per le finalit\u00e0 che seguono.\n\nNOLARMA DRY CARGO SRL specifica, inoltre, che la presente informativa \u00e8 resa per il solo sito di\u00a0NOLARMA DRY CARGO SRL\u00a0e non anche per altri siti web che l\u2019utente dovesse eventualmente consultare ed ai quali abbia accesso per il tramite di link presenti nelle nostre pagine.\n<ol>\n \t<li>Titolare: il titolare del trattamento \u00e8 NOLARMA DRY CARGO SRL\n&#8216;MOLO PONTE MOROSINI 49\n16126 GENOVA\nCOD.FISC.\/P.IVA 02781590993<\/li>\n \t<li>Oggetto del trattamento:\u00a0il Titolare tratta i dati personali e identificativi (quali, a titolo esemplificativo e non esaustivo, nome, cognome, ragione sociale, indirizzo, telefono, mail, riferimenti bancari, ecc.), in seguito denominati\u00a0\u201cdati personali\u201d\u00a0o semplicemente\u00a0\u201cdati\u201d, comunicati dagli utenti in occasione della registrazione al sito web www.nolarmadry.it ovvero della conclusione di contratti ovvero ancora della partecipazione a sondaggi di opinione, compilazione di form di iscrizione tramite il presente sito ad eventi organizzati dal Titolare, dalla richiesta on-line di chiarimenti o richieste di supporto o, infine, dall\u2019invio di newsletter.<\/li>\n \t<li>\u00a0Finalit\u00e0 di trattamento: i dati forniti dagli utenti sono trattati senza il loro consenso espresso (art. 24, lett. a, b, c, codice privacy e art. 6 lett. b ed e GDPR) per le seguenti finalit\u00e0:<\/li>\n<\/ol>\n<ol>\n \t<li>\n<ul>\n \t<li>gestione e mantenimento del sito;<\/li>\n \t<li>fruizione dei servizi eventualmente richiesti dagli utenti;<\/li>\n \t<li>partecipazione tramite iscrizione on-line ad iniziative o eventi organizzati dal Titolare;<\/li>\n \t<li>riscontro o protocollazione di una richiesta di contatto;<\/li>\n \t<li>adempimento agli obblighi previsti dalla legge, da un regolamento, dalla normativa comunitaria o da un ordine o da un provvedimento dell\u2019Autorit\u00e0;<\/li>\n \t<li>conclusione di contratti per i servizi offerti dal Titolare;<\/li>\n \t<li>adempimento agli obblighi precontrattuali, contrattuali e fiscali derivanti da rapporti in corso di esecuzione;<\/li>\n \t<li>esercizio di un diritto del Titolare (come, ad esempio, l\u2019esercizio del diritto di difesa in giudizio).<\/li>\n<\/ul>\n<\/li>\n \t<li>previo espresso e specifico consenso (artt. 23 e 130 codice privacy e art. 7 GDPR), per le seguenti altre finalit\u00e0:\n<ul>\n \t<li>invio di materiale informativo (newsletter, brochures, cd-rom, risposte a quesiti, materiale promozionale in generale ed altri documenti tecnici). L\u2019utilizzo di tali dati avverr\u00e0, in ogni caso, al solo fine di eseguire il servizio o la prestazione richiesta.<\/li>\n<\/ul>\n<\/li>\n<\/ol>\n<ol>\n \t<li>Modalit\u00e0 di trattamento:\u00a0il trattamento dei dati forniti dagli utenti \u00e8 realizzato per mezzo delle operazioni indicate all\u2019art. 4 del codice privacy nonch\u00e9 all\u2019art. 4, n. 2 GDPR, e pertanto: raccolta, registrazione, organizzazione, conservazione, consultazione, elaborazione, modificazione, selezione, estrazione, raffronto, utilizzo, interconnessione, blocco, comunicazione, cancellazione e distruzione. I dati personali sono sottoposti a trattamento sia cartaceo che elettronico e\/o automatizzato.<\/li>\n<\/ol>\nIl Titolare tratter\u00e0 i dati personali con strumenti automatizzati ed esclusivamente per il tempo necessario per adempiere alle finalit\u00e0 di cui sopra e comunque per non oltre 10 anni dalla cessazione del rapporto per le finalit\u00e0 determinate dal servizio reso e per non oltre 2 anni dalla raccolta dei dati per altre finalit\u00e0.\n\nSono state adottate specifiche misure di sicurezza per prevenire la perdita dei dati, gli usi illeciti o non corretti dei dati stessi nonch\u00e9 gli accessi non autorizzati, in linea con quanto disposto dagli artt. 32-34 codice privacy e dell\u2019art. 32 GDPR.\n<ol>\n \t<li>Accesso ai dati:\u00a0i dati personali degli utenti potranno essere trattati e quindi resi accessibili, per le sole finalit\u00e0 di cui all\u2019art. 3 della presente informativa, anche dai dipendenti o collaboratori della NOLARMA DRY CARGO SRL o delle Societ\u00e0 del gruppo, nella loro qualit\u00e0 di incaricati o responsabili interni del trattamento, ovvero ancora dagli amministratori di sistema.<\/li>\n<\/ol>\nI predetti dati potranno, inoltre, essere trattati e quindi resi accessibili a societ\u00e0 terze o altri soggetti \u2013 quali, a titolo esemplificativo e non esaustivo \u2013 studi professionali, consulenti, fornitori, tecnici addetti all\u2019assistenza hardware e software, istituti di credito, spedizionieri o societ\u00e0 di trasporto, che svolgono attivit\u00e0 in outsourcing per conto di NOLARMA DRY CARGO SRL, nella loro qualit\u00e0 di responsabili esterni del trattamento.\n<ol>\n \t<li>Comunicazione dei dati:\u00a0in assenza di espresso consenso, ai sensi dell\u2019art. 6 lett. b) e c) GDPR, NOLARMA DRY CARGO SRL comunicher\u00e0 i dati degli utenti a Organismi di Vigilanza, Autorit\u00e0 Giudiziarie o altri soggetti ai quali la comunicazione sia obbligatoria per legge per l\u2019espletamento delle finalit\u00e0 meglio indicate al precedente art. 3, lett. a) della presente informativa.<\/li>\n<\/ol>\nNessun dato fornito dagli utenti e derivante dal servizio web sar\u00e0 diffuso.\n<ol>\n \t<li>Trasferimento dati:\u00a0i dati personali degli utenti connessi ai servizi web di questo sito hanno luogo presso la sede di\u00a0NOLARMA DRY CARGO SRL., come sopra indicata, e sono curati esclusivamente da personale tecnico dell\u2019ufficio incaricato del trattamento dei medesimi dati ovvero da eventuali incaricati di occasionali e specifiche operazioni di manutenzione.<\/li>\n<\/ol>\n<ol>\n \t<li>Tipologia di dati trattati:\n<ol>\n \t<li>Dati di navigazione: i sistemi informatici e le procedure software preposte al funzionamento di questo sito web acquisiscono, nel corso del loro normale esercizi, alcuni dati personali la cui trasmissione \u00e8 implicita nell\u2019uso dei protocolli di comunicazione internet. Si tratta di informazioni che non sono state raccolte per essere associate ad interessati identificati, ma che per loro stessa natura potrebbero \u2013 attraverso elaborazioni ed associazioni con dati detenuti da terzi \u2013 permettere di identificare gli utenti. In questa categoria di dati rientrano gli indirizzi IP o i nomi a dominio del computer utilizzati dagli utenti che si connettono al sito, gli indirizzi in notazione URI (Uniform Resource Identifier) delle risorse richieste, l\u2019orario della richiesta, il metodo utilizzato nl sottoporre la richiesta al server, la dimensione del file ottenuto in risposta, il codice numerico indicante lo stato della risposta data dal server (buon fine, errore, ecc.) ed altri parametri relativi al sistema operativo e all\u2019ambiente informatico dell\u2019utente. Questi dati vengono utilizzati al solo fine di ricavare informazioni statistiche anonime sull\u2019uso del sito e per controllarne il corretto funzionamento e vengono cancellati immediatamente dopo l\u2019elaborazione. I dati potrebbero essere utilizzati per l\u2019accertamento di responsabilit\u00e0 in caso di ipotetici reati informatici ai danni del sito: salva questa eventualit\u00e0, allo stato i dati sui contatti web non persistono per pi\u00f9 di sette giorni.<\/li>\n \t<li>Dati forniti volontariamente dagli utenti: l\u2019invio facoltativo, esplicito e volontario di posta elettronica agli indirizzi di posta elettronica indicati su questo sito comporta la successiva acquisizione dell\u2019indirizzo del mittente, necessario per rispondere alle richieste, nonch\u00e9 degli eventuali altri dati personali inseriti nella missiva. Per i visitatori del sito che desiderano inviare il proprio curriculum vitae allo scopo di candidarsi per l\u2019eventuale instaurazione di un rapporto di lavoro possono inviare una email a recruiting@rgm.it<\/li>\n \t<li>Cookies: in questo sito \u00e8 adottata un\u2019analisi statistica per migliorare l\u2019esperienza del navigatore da parte di un soggetto terzo quale Google Analytics (<a href=\"http:\/\/www.google.com\/analytics\/\">google.com\/analytics\/<\/a>, un servizio di statistiche per siti web e blog). Il servizio utilizza i performance cookie per raccogliere dati degli utenti, come per esempio il tempo trascorso su una pagina, il motore di ricerca che ha permesso il reindirizzamento al sito www.rgm.it, il Paese di destinazione dell\u2019utente, il tempo di permanenza sulle varie pagine, ecc. Gli utenti, quindi, navigando su questo sito, accettano la presente informativa.<\/li>\n<\/ol>\n<\/li>\n<\/ol>\nI cookie di sessione sono generalmente essenziali per poter distinguere tra gli utenti collegati e sono utili per evitare che una funzionalit\u00e0 richiesta possa essere fornita all\u2019utente sbagliato, oltre che per fini di sicurezza tesi ad impedire attacchi informatici al sito. I cookie di sessione non contengono dati personali e durano per la sola sessione in corso, ovvero fino alla chiusura del browser.\n\nPer maggiori informazioni si invitano gli utenti del sito a visitare la pagina dell\u2019informativa sui cookie.\n<ol>\n \t<li>Natura del conferimento:\u00a0il conferimento dei dati per le finalit\u00e0 indicate al precedente art. 3 a) \u00e8 obbligatorio; in loro assenza, non sarebbe possibile per\u00a0R.G.MNOLARMA DRY CARGO SRL, garantire i servizi ivi indicati e richiesti dagli utenti.<\/li>\n<\/ol>\nIl conferimento dei dati per le finalit\u00e0 di cui all\u2019art. 3 b) \u00e8 invece facoltativo; gli utenti possono quindi decidere di non conferire alcun dato ovvero di negare, in un momento successivo, la possibilit\u00e0 di trattare dati gi\u00e0 forniti. In tal caso, gli utenti non potranno ricevere newsletter, comunicazioni commerciali o materiali pubblicitario relativo ai servizi offerti dal titolare. In ogni caso, operata questa scelta, agli utenti sar\u00e0 garantito il diritto a ricevere i servizi di cui all\u2019art. 3 a).\n<ol>\n \t<li>Diritti dell\u2019interessato:\u00a0gli utenti, nella loro qualit\u00e0 di interessati, hanno i diritti indicati all\u2019art. 7 codice privacy e all\u2019art. 15 GDPR, e pi\u00f9 precisamente hanno diritto di:\n<ol>\n \t<li>ottenere la conferma dell\u2019esistenza o meno di dati personali che li riguardano, anche se non ancora registrati, e di ricevere la loro comunicazione in forma intelligibile;<\/li>\n \t<li>ottenere l\u2019indicazione: a) dell\u2019origine dei dati personali; b) delle finalit\u00e0 e delle modalit\u00e0 di trattamento; c) della logica applicata in caso di trattamento effettuato con l\u2019ausilio di strumenti elettronici; d) degli estremi identificativi del titolare, dei responsabili e del responsabile designato ai sensi dell\u2019art. e, c. 2, codice privacy e dell\u2019art. 3, c. 1, GDPR; e) dei soggetti o delle categorie di soggetti ai quali i dati personali possono essere comunicati o che possono venirne a conoscenza in qualit\u00e0 di rappresentante designato nel territorio dello Stato, di responsabili o di incaricati;<\/li>\n \t<li>ottenere: a) l\u2019aggiornamento, la rettificazione ovvero, quando vi \u00e8 interesse, l\u2019integrazione dei dati; b) la cancellazione, la trasformazione in forma anonima o il blocco dei dati trattati in violazione della legge, compresi quelli di cui non \u00e8 necessaria la conservazione in relazione agli scopi per i quali i dati sono stati raccolti o successivamente trattati; c) l\u2019attestazione che le operazioni di cui alle lettere a) e b) sono state portate a conoscenza, anche per quanto riguarda il loro contenuto, di coloro ai quali i dati sono stati comunicati o diffusi, eccettuato il caso in cui tale adempimento si riveli impossibile o comporti un impiego di mezzi manifestamente sproporzionato rispetto al diritto tutelato;<\/li>\n \t<li>opporsi, in tutto o in parte: a) per motivi legittimi, al trattamento dei dati che li riguardano, ancorch\u00e8 pertinenti allo scopo della raccolta; b) al trattamento dei dati che li riguardano ai fini di invio di materiale pubblicitario o di vendita diretta o per il compimento di ricerche di mercato o di comunicazione commerciale.<\/li>\n<\/ol>\n<\/li>\n<\/ol>\nOve applicabili, gli utenti hanno altres\u00ec i diritti di cui agli artt. 16-21 GDPR (diritto di rettifica, diritto all\u2019oblio, diritto di limitazione del trattamento, diritto alla portabilit\u00e0 dei dati, diritto di opposizione), da intendersi qui integralmente richiamati e trascritti, nonch\u00e9 il diritto di proporre reclamo all\u2019Autorit\u00e0 Garante.\n<ol>\n \t<li>Modalit\u00e0 di esercizio dei diritti:\u00a0gli utenti possono esercitare in qualsiasi momenti i diritti indicati al punto precedente, inviando:\nuna raccomandata a.r. alla sede di\u00a0NOLARMA DRY CARGO SRL;\n<\/a><\/li>\n<\/ol>\n<ol>\n \t<li>Titolare, responsabile e incaricati:\nIl Titolare del trattamento \u00e8\u00a0NOLARMA DRY CARGO SRL\n&#8216;MOLO PONTE MOROSINI 49\n16126 GENOVA\nL\u2019elenco aggiornato dei responsabili e degli incaricati al trattamento \u00e8 custodito presso la sede legale del Titolare del trattamento stesso.<\/li>\n<\/ol>\n<ol>\n \t<li>Modifiche alla presente informativa:\u00a0poich\u00e9 la presente informativa potr\u00e0 essere soggetta a variazioni,\u00a0Nolarma, consiglia agli utenti di controllare regolarmente questa informativa e di riferirsi sempre alla versione pi\u00f9 aggiornata<\/li>\n<\/ol>\t\t\t\t\t\t\t\t<\/div>\n\t\t\t\t<\/div>\n\t\t\t\t\t<\/div>\n\t\t<\/div>\n\t\t\t\t\t<\/div>\n\t\t<\/section>\n\t\t\t\t<\/div>\n\t\t","protected":false},"excerpt":{"rendered":"<p>Privacy Policy Information on the processing of personal data A seguito della consultazione del presente sito possono essere trattati dati relativi a persone identificate o comunque identificabili. Questa pagina descrive le modalit\u00e0 di gestione del sito in riferimento al trattamento dei dati personali degli utenti che \u2013 a qualsiasi titolo \u2013 lo consultino, nel rispetto&hellip;<\/p>\n","protected":false},"author":1,"featured_media":0,"parent":0,"menu_order":17,"comment_status":"closed","ping_status":"closed","template":"","meta":{"footnotes":""},"class_list":["post-7682","page","type-page","status-publish","hentry"],"_links":{"self":[{"href":"https:\/\/www.nolarmadry.it\/it\/wp-json\/wp\/v2\/pages\/7682","targetHints":{"allow":["GET"]}}],"collection":[{"href":"https:\/\/www.nolarmadry.it\/it\/wp-json\/wp\/v2\/pages"}],"about":[{"href":"https:\/\/www.nolarmadry.it\/it\/wp-json\/wp\/v2\/types\/page"}],"author":[{"embeddable":true,"href":"https:\/\/www.nolarmadry.it\/it\/wp-json\/wp\/v2\/users\/1"}],"replies":[{"embeddable":true,"href":"https:\/\/www.nolarmadry.it\/it\/wp-json\/wp\/v2\/comments?post=7682"}],"version-history":[{"count":0,"href":"https:\/\/www.nolarmadry.it\/it\/wp-json\/wp\/v2\/pages\/7682\/revisions"}],"wp:attachment":[{"href":"https:\/\/www.nolarmadry.it\/it\/wp-json\/wp\/v2\/media?parent=7682"}],"curies":[{"name":"wp","href":"https:\/\/api.w.org\/{rel}","templated":true}]}}